{"id":375,"date":"2025-07-20T14:00:32","date_gmt":"2025-07-20T14:00:32","guid":{"rendered":"http:\/\/thorsten-zeitnitz.de\/?page_id=375"},"modified":"2025-07-20T14:00:32","modified_gmt":"2025-07-20T14:00:32","slug":"the-dordie-roots","status":"publish","type":"page","link":"https:\/\/thorsten-zeitnitz.de\/?page_id=375","title":{"rendered":"The D\u00f8rdie Roots"},"content":{"rendered":"\n<p>Groovige Rhythmen, eing\u00e4ngige Sounds und romantische Balladen mit vertr\u00e4umten Melodien. Kernige deutsche Texte \u00fcber das Leben und die Liebe, im allgemeinen, und manchmal auch im sehr speziellen. Liebeslieder und Sozialreportagen stets nach dem Motto \u201eDrei Akkorde und die Wahrheit\u201c.\u2028<\/p>\n\n\n\n<p>Nicht mehr, aber auch nicht weniger, beschreibt die Musik von THORSTEN ZEITNITZ.\u2028<\/p>\n\n\n\n<p>\u201eD\u00f8rdie-Roots-Rock\u201c nennt ZEITNITZ seine Musik und seine \u201eschmutzigen Wurzeln\u201c sind tief im Rock, Blues und Country, aber auch im Punk und Soul verankert und manchmal meint man sogar eine Prise Jazz zu h\u00f6ren.<\/p>\n\n\n\n<p>Eins steht auf jeden Fall fest: Ein Abend mit \u201eTHORSTEN ZEITNITZ &amp; The D\u00f8rdie Roots\u201c ist immer wieder ein Erlebnis.<\/p>\n\n\n\n<p>The D\u00f8rdie Roots sind:\u2028 \u2028<\/p>\n\n\n\n<p>Holger Engellandt: Schlagzeug &amp; Gesang <\/p>\n\n\n\n<p>Carsten Okkens: Bass &amp; Gesang<\/p>\n\n\n\n<p>Thorsten Zeitnitz: Gitarre &amp; Gesang <\/p>\n","protected":false},"excerpt":{"rendered":"<p>Groovige Rhythmen, eing\u00e4ngige Sounds und romantische Balladen mit vertr\u00e4umten Melodien. Kernige deutsche Texte \u00fcber das Leben und die Liebe, im allgemeinen, und manchmal auch im sehr speziellen. Liebeslieder und Sozialreportagen stets nach dem Motto \u201eDrei Akkorde und die Wahrheit\u201c.\u2028 Nicht mehr, aber auch nicht weniger, beschreibt die Musik von THORSTEN ZEITNITZ.\u2028 \u201eD\u00f8rdie-Roots-Rock\u201c nennt ZEITNITZ seine &hellip; <\/p>\n<p class=\"link-more\"><a href=\"https:\/\/thorsten-zeitnitz.de\/?page_id=375\" class=\"more-link\"><span class=\"screen-reader-text\">\u201eThe D\u00f8rdie Roots\u201c<\/span> weiterlesen<\/a><\/p>\n","protected":false},"author":1,"featured_media":0,"parent":0,"menu_order":0,"comment_status":"closed","ping_status":"closed","template":"","meta":{"footnotes":""},"class_list":["post-375","page","type-page","status-publish","hentry"],"_links":{"self":[{"href":"https:\/\/thorsten-zeitnitz.de\/index.php?rest_route=\/wp\/v2\/pages\/375","targetHints":{"allow":["GET"]}}],"collection":[{"href":"https:\/\/thorsten-zeitnitz.de\/index.php?rest_route=\/wp\/v2\/pages"}],"about":[{"href":"https:\/\/thorsten-zeitnitz.de\/index.php?rest_route=\/wp\/v2\/types\/page"}],"author":[{"embeddable":true,"href":"https:\/\/thorsten-zeitnitz.de\/index.php?rest_route=\/wp\/v2\/users\/1"}],"replies":[{"embeddable":true,"href":"https:\/\/thorsten-zeitnitz.de\/index.php?rest_route=%2Fwp%2Fv2%2Fcomments&post=375"}],"version-history":[{"count":1,"href":"https:\/\/thorsten-zeitnitz.de\/index.php?rest_route=\/wp\/v2\/pages\/375\/revisions"}],"predecessor-version":[{"id":376,"href":"https:\/\/thorsten-zeitnitz.de\/index.php?rest_route=\/wp\/v2\/pages\/375\/revisions\/376"}],"wp:attachment":[{"href":"https:\/\/thorsten-zeitnitz.de\/index.php?rest_route=%2Fwp%2Fv2%2Fmedia&parent=375"}],"curies":[{"name":"wp","href":"https:\/\/api.w.org\/{rel}","templated":true}]}}