{"id":209,"date":"2020-09-03T18:31:20","date_gmt":"2020-09-03T18:31:20","guid":{"rendered":"http:\/\/thorsten-zeitnitz.de\/?page_id=209"},"modified":"2026-03-11T10:58:18","modified_gmt":"2026-03-11T10:58:18","slug":"termine","status":"publish","type":"page","link":"https:\/\/thorsten-zeitnitz.de\/?page_id=209","title":{"rendered":"Termine"},"content":{"rendered":"<p>Hier k\u00f6nnt ihr sehen wo ihr mich live erleben\u00a0k\u00f6nnt!<\/p>\n<p><strong>2026<\/strong><\/p>\n<p>21.02. &#8211; Aukrug &#8222;Kulturwerkstatt Aukrug&#8220;<\/p>\n<p>07.03. &#8211; Bad Oldesloe &#8222;Weinhaus Alte M\u00fchle&#8220;<\/p>\n<p>28.03. &#8211; Ratzeburg &#8222;Barnie\u00b4s Pub&#8220;<\/p>\n<p>25.04. &#8211; T\u00f6nning &#8222;Roter Hahn&#8220;<\/p>\n<p>13.06. &#8211; Hamburg &#8222;Spielbudenplatz&#8220;<\/p>\n<p>08.08. &#8211; Hamburg &#8222;Spielbudenplatz&#8220;\u00a0<\/p>\n<p>04.-07.11. &#8222;HERBSTTOUR&#8220; Details folgen noch<\/p>\n<p>21.11. &#8211; Heide<\/p>\n<p>28.11. &#8211; Bad Oldesloe &#8222;Old Esloe&#8220;<\/p>\n<p>12.12. &#8211; Aukrug &#8222;Kulturwerkstatt Aukrug&#8220;<\/p>\n<p>&nbsp;<\/p>\n<p><strong>2025<\/strong><\/p>\n<p>18.12. &#8211; Hamburg &#8222;SANTA PAULI Weihnachtsmarkt&#8220; Spielbudenplatz<\/p>\n<p>29.11. &#8211; Husby &#8222;Plunschli&#8220;<\/p>\n<p>21.11. &#8211; Reinstorf &#8222;One World Ostheide&#8220;<\/p>\n<p>15.11. &#8211; \u00a0Bad Segeberg &#8222;Cafe Coma&#8220;\u00a0<\/p>\n<p>08.11. &#8211; Marburg &#8222;Cavete&#8220;<\/p>\n<p>07.11. &#8211; Isny im Allg\u00e4u &#8222;Hello my Deer&#8220;<\/p>\n<p>06.11. &#8211; Augsburg &#8222;Bombig Bar &amp; Garage&#8220;<\/p>\n<p>25.10. &#8211; L\u00fcbeck &#8222;Funambules&#8220;<\/p>\n<p>24.07. &#8211; Hamburg &#8222;Spielbudenplatz&#8220;<\/p>\n<p>12.07. &#8211; Reinbek &#8222;John o Groats&#8220; (mit Mystery-Hounds)<\/p>\n<p>14.06. &#8211; Waabs &#8222;Strandr\u00e4uberspelunke&#8220;<\/p>\n<p>31.05. &#8211; Bad Oldesloe &#8222;Old Esloe&#8220;<\/p>\n<p>24.05. &#8211; Hamburg Spielbudenplatz<\/p>\n<p>10.05. &#8211; Cuxhaven &#8222;Janjas Musikbar&#8220;<\/p>\n<p>27.04. &#8211; Kiel &#8222;Kulturladen Leuchtturm e.V.&#8220; (SOLO-GIG)<\/p>\n<p>26.04. &#8211; Brunsb\u00fcttel &#8222;Gitta&#8217;s Erlebnisgastronomie&#8220;<\/p>\n<p>07.03. &#8211; Husby &#8222;Plunschli&#8220;<\/p>\n<p><a href=\"https:\/\/www.facebook.com\/events\/443699835265883\" target=\"_blank\" rel=\"noopener\">01.03. &#8211; Brunsb\u00fcttel &#8222;Gittas Erlebnisgastronomie&#8220;<\/a><\/p>\n<p><a href=\"https:\/\/www.facebook.com\/events\/3828324607480899\" target=\"_blank\" rel=\"noopener\">22.02. &#8211; T\u00f6nning &#8222;Roter Hahn&#8220;<\/a><\/p>\n<p><a href=\"https:\/\/fb.me\/e\/911Yg32CR\" target=\"_blank\" rel=\"noopener\">01.02. &#8211; Reinstorf &#8222;ONE WORLD Ostheide e.V. Kulturzentrum<\/a><\/p>\n<p><a href=\"https:\/\/fb.me\/e\/bDdlb3Qjx\" target=\"_blank\" rel=\"noopener\">18.01. &#8211; Ratzeburg &#8222;Barnies Pub&#8220;<\/a><\/p>\n<p><strong>2024<\/strong><\/p>\n<p>07.12. &#8211; Winsen &#8222;Harms Point&#8220;\u00a0(mit T. Lange \/ Konzertlesung: \u201eBob Dylan\u201c)<\/p>\n<p>29.11. &#8211; Marschacht Er\u00f6ffnung des Weihnachtsmarktes Elbmarsch<\/p>\n<p>11.11. &#8211; Hamburg &#8222;Spielbudenplatz&#8220; Er\u00f6ffnung von &#8222;SANTA PAULI&#8220;<\/p>\n<p><a href=\"https:\/\/www.facebook.com\/share\/G2eq8ZPVX6NKFFAF\/\" target=\"_blank\" rel=\"noopener\">09.11. &#8211; Marburg &#8222;Cavete Jazzclub&#8220;<\/a><\/p>\n<p><a href=\"https:\/\/www.facebook.com\/share\/WQrDPrG8YFn29xjm\/\" target=\"_blank\" rel=\"noopener\">08.11. &#8211; Mannheim &#8222;Fermacs Irish Pub&#8220;<\/a><\/p>\n<p><a href=\"https:\/\/www.facebook.com\/share\/uZW6TFAeRPyVzbzJ\/\" target=\"_blank\" rel=\"noopener\">07.11. &#8211; Darmstadt &#8222;Goldene Krone&#8220;<\/a><\/p>\n<p>25.10. &#8211; Kiel &#8222;Kulturladen Leuchtturm&#8220; (Solo)<\/p>\n<p><a href=\"https:\/\/www.facebook.com\/share\/XPePxUVp4YSroME6\/\" target=\"_blank\" rel=\"noopener\">23.08. &#8211; Brunsb\u00fcttel &#8222;K\u00fcnstlerb\u00f6rse&#8220; bei Gitta\u00b4s<\/a><\/p>\n<p>20.07. \u2013 Waabs \u201eStrandr\u00e4uber Spelunke\u201c<\/p>\n<p>29.06. &#8211; Wandsbek &#8222;Kulturschloss&#8220; (mit T. Lange \/ Konzertlesung: \u201eBob Dylan\u201c)<\/p>\n<p>15.06. \u2013 Waabs \u201eStrandr\u00e4uber Spelunke\u201c<\/p>\n<p>04.05. \u2013 Itzstedt \u201eBaysiamen\u201c<\/p>\n<p>20.04 \u2013 Brunsb\u00fcttel \u201eGittas Erlebnisgastronomie\u201c<\/p>\n<p><s>16.03. \u2013 Harburg \u201eKomm Du\u201c<\/s><\/p>\n<p>02.03. \u2013 Pinneberg \u201eAngies Pub\u201c<\/p>\n<p>24.02. \u2013 T\u00f6nning \u201eRoter Hahn\u201c<\/p>\n<p>20.01. \u2013 L\u00fcbeck \u201eFunambules\u201c<\/p>\n<p><strong>2023<\/strong><\/p>\n<p>19.08. \u2013 Waabs \u201eStrandr\u00e4uber Spelunke\u201c<\/p>\n<p>08.07. \u2013 Waabs \u201eStrandr\u00e4uber Spelunke\u201c<\/p>\n<p>24.06. \u2013 Bad Oldesloe \u201eOld Esloe\u201c<\/p>\n<p>10.06. \u2013 Hamburg \u201eSpielbudenplatz\u201c (Open Air)<\/p>\n<p><a href=\"https:\/\/www.facebook.com\/events\/744692767398128\/?ref=newsfeed\" target=\"_blank\" rel=\"noopener\">02.06. &#8211; Hamburg &#8222;Alster OpenAir&#8220;<\/a><\/p>\n<p>13.05. \u2013 T\u00f6nning \u201eRoter Hahn\u201c<\/p>\n<p>28.04. &#8211; VHS Reinbek (Torsten Lange \/ Konzertlesung: &#8222;Bob Dylan&#8220;<\/p>\n<p>22.04. \u2013 Brunsb\u00fcttel \u201eGittas\u201c<\/p>\n<p>17.03. \u2013 L\u00fcbeck \u201eFunambules\u201c<\/p>\n<p>12.03. &#8211; Kiel &#8220; Kulturladen Leuchtturm&#8220; (Solo-Konzert)<\/p>\n<p><strong>2022<\/strong><\/p>\n<p>03.12.2022 &#8211; Geesthacht (The D\u00f8rdie Roots)<\/p>\n<p>08.11.2022 &#8211; Schnelsen (Go for Cash)<\/p>\n<p>04.11.2022 &#8211; Pinneberg (Go for Cash)<\/p>\n<p>29.10.2022 &#8211; Pinneberg (Go for Cash) (Private Veranstaltung)<\/p>\n<p>07.10.2022 &#8211; Bergedorf (Go for Cash)<\/p>\n<p><a href=\"https:\/\/fb.me\/e\/240CWVVWv\" target=\"_blank\" rel=\"noopener\">30.09.2022- Bargteheide (The D\u00f8rdie Roots)<\/a><\/p>\n<p>25.09.2022 &#8211; Schnelsen (Go for Cash) (Private Veranstaltung)<\/p>\n<p><a href=\"https:\/\/fb.me\/e\/1L2xZ45p1\" target=\"_blank\" rel=\"noopener\">23.09.2022 &#8211; Bargteheide (Go for Cash)<\/a><\/p>\n<p><a href=\"https:\/\/fb.me\/e\/2iNGEg6Ei\" target=\"_blank\" rel=\"noopener\">13.08.2022 &#8211; Waabs (The D\u00f8rdie Roots)<\/a><\/p>\n<p>11.08.2022 &#8211; Bargteheide (The Gentleman of Roots &#8211; Solo-Programm)<\/p>\n<p>29.07.2022 &#8211; Hamburg (Go for Cash)<\/p>\n<p>07.07.2022 &#8211; Steilshoop (Go for Cash)<\/p>\n<p>24.06.2022 &#8211; Pinneberg (Go for Cash)<\/p>\n<p>12.06.2022 &#8211; Hamburg &#8222;Bergedorfer Bluesfestival&#8220;<\/p>\n<p><a href=\"https:\/\/fb.me\/e\/8Aak4kiMP\" target=\"_blank\" rel=\"noopener\">11.06.2022 -Waabs ( The Gentleman of Roots &#8211; Solo-Program)<\/a><\/p>\n<p>28.05.2022 &#8211; Schnelsen (Go for Cash) (Private Veranstaltung)<\/p>\n<p><a href=\"https:\/\/fb.me\/e\/1GlFigSQ0\" target=\"_blank\" rel=\"noopener\">27.05.2022- Hamburg Bergedorf (The D\u00f8rdie Roots)<\/a><\/p>\n<p>26.04.2022 &#8211; L\u00fcneburg (Go for Cash) (Private Veranstaltung)<\/p>\n<p><a href=\"https:\/\/fb.me\/e\/3asCjBTMl\" target=\"_blank\" rel=\"noopener\">07.04.2022 \u2013 Bad Segeberg (The D\u00f8rdie Roots)<\/a><\/p>\n<p><a href=\"https:\/\/fb.me\/e\/2VXUyHKdH\" target=\"_blank\" rel=\"noopener\">27.03.2022 &#8211; Kiel (The Gentleman of Roots &#8211; Solo-Program)<\/a><\/p>\n<p><a href=\"https:\/\/fb.me\/e\/1VxQAqHbM\" target=\"_blank\" rel=\"noopener\">05.03.2022 \u2013 Hamburg (The D\u00f8rdie Roots)<\/a><\/p>\n<p><a href=\"https:\/\/fb.me\/e\/2812BZwQf\" target=\"_blank\" rel=\"noreferrer noopener\">15.02.2022- Brunsb\u00fcttel (The D\u00f8rdie Roots)<\/a><\/p>\n\n\n<p><\/p>\n\n\n\n<p><\/p>\n\n\n\n<p><\/p>\n\n\n\n<p><\/p>\n","protected":false},"excerpt":{"rendered":"<p>Hier k\u00f6nnt ihr sehen wo ihr mich live erleben\u00a0k\u00f6nnt! 2026 21.02. &#8211; Aukrug &#8222;Kulturwerkstatt Aukrug&#8220; 07.03. &#8211; Bad Oldesloe &#8222;Weinhaus Alte M\u00fchle&#8220; 28.03. &#8211; Ratzeburg &#8222;Barnie\u00b4s Pub&#8220; 25.04. &#8211; T\u00f6nning &#8222;Roter Hahn&#8220; 13.06. &#8211; Hamburg &#8222;Spielbudenplatz&#8220; 08.08. &#8211; Hamburg &#8222;Spielbudenplatz&#8220;\u00a0 04.-07.11. &#8222;HERBSTTOUR&#8220; Details folgen noch 21.11. &#8211; Heide 28.11. &#8211; Bad Oldesloe &#8222;Old Esloe&#8220; 12.12. &hellip; <\/p>\n<p class=\"link-more\"><a href=\"https:\/\/thorsten-zeitnitz.de\/?page_id=209\" class=\"more-link\"><span class=\"screen-reader-text\">\u201eTermine\u201c<\/span> weiterlesen<\/a><\/p>\n","protected":false},"author":1,"featured_media":0,"parent":0,"menu_order":0,"comment_status":"closed","ping_status":"closed","template":"","meta":{"footnotes":""},"class_list":["post-209","page","type-page","status-publish","hentry"],"_links":{"self":[{"href":"https:\/\/thorsten-zeitnitz.de\/index.php?rest_route=\/wp\/v2\/pages\/209","targetHints":{"allow":["GET"]}}],"collection":[{"href":"https:\/\/thorsten-zeitnitz.de\/index.php?rest_route=\/wp\/v2\/pages"}],"about":[{"href":"https:\/\/thorsten-zeitnitz.de\/index.php?rest_route=\/wp\/v2\/types\/page"}],"author":[{"embeddable":true,"href":"https:\/\/thorsten-zeitnitz.de\/index.php?rest_route=\/wp\/v2\/users\/1"}],"replies":[{"embeddable":true,"href":"https:\/\/thorsten-zeitnitz.de\/index.php?rest_route=%2Fwp%2Fv2%2Fcomments&post=209"}],"version-history":[{"count":47,"href":"https:\/\/thorsten-zeitnitz.de\/index.php?rest_route=\/wp\/v2\/pages\/209\/revisions"}],"predecessor-version":[{"id":447,"href":"https:\/\/thorsten-zeitnitz.de\/index.php?rest_route=\/wp\/v2\/pages\/209\/revisions\/447"}],"wp:attachment":[{"href":"https:\/\/thorsten-zeitnitz.de\/index.php?rest_route=%2Fwp%2Fv2%2Fmedia&parent=209"}],"curies":[{"name":"wp","href":"https:\/\/api.w.org\/{rel}","templated":true}]}}