{"id":124,"date":"2019-07-24T19:53:06","date_gmt":"2019-07-24T19:53:06","guid":{"rendered":"http:\/\/thorsten-zeitnitz.de\/?page_id=124"},"modified":"2019-12-30T17:40:59","modified_gmt":"2019-12-30T17:40:59","slug":"solo","status":"publish","type":"page","link":"https:\/\/thorsten-zeitnitz.de\/?page_id=124","title":{"rendered":"Solo"},"content":{"rendered":"<p>Thorsten Zeitnitz &#8211; Geschichtenmacher &amp; Liedererz\u00e4hler<\/p>\n<p><span style=\"font-size: 1rem;\">Geschichten mitten aus dem Leben, in Verbindung mit Gitarrengrooves und humorvollen B\u00fchnenmoderationen sind die Spezialit\u00e4t des Ruhrpott-Poeten.\u00a0<\/span><span style=\"font-size: 1rem;\">ZEITNITZ ist daf\u00fcr bekannt, auf seine eigene Art und Weise, Blues, Folk, Country und Rock zu vermischen. Sein aktuelles Programm besteht fast ausschlie\u00dflich aus eigenen St\u00fccken, gespickt mit einigen Perlen deutschsprachiger Rockmusik.<br \/>\n<\/span>Sein hervorragendes Gitarrenspiel und seine markante Stimme machen ihn zu einem gefragten Solo-K\u00fcnstler und eine Schublade, in die dieser Ausnahmemusiker passt, muss wohl noch gebaut werden.<\/p>\n","protected":false},"excerpt":{"rendered":"<p>Thorsten Zeitnitz &#8211; Geschichtenmacher &amp; Liedererz\u00e4hler Geschichten mitten aus dem Leben, in Verbindung mit Gitarrengrooves und humorvollen B\u00fchnenmoderationen sind die Spezialit\u00e4t des Ruhrpott-Poeten.\u00a0ZEITNITZ ist daf\u00fcr bekannt, auf seine eigene Art und Weise, Blues, Folk, Country und Rock zu vermischen. Sein aktuelles Programm besteht fast ausschlie\u00dflich aus eigenen St\u00fccken, gespickt mit einigen Perlen deutschsprachiger Rockmusik. Sein &hellip; <\/p>\n<p class=\"link-more\"><a href=\"https:\/\/thorsten-zeitnitz.de\/?page_id=124\" class=\"more-link\"><span class=\"screen-reader-text\">\u201eSolo\u201c<\/span> weiterlesen<\/a><\/p>\n","protected":false},"author":1,"featured_media":0,"parent":0,"menu_order":0,"comment_status":"closed","ping_status":"closed","template":"","meta":{"footnotes":""},"class_list":["post-124","page","type-page","status-publish","hentry"],"_links":{"self":[{"href":"https:\/\/thorsten-zeitnitz.de\/index.php?rest_route=\/wp\/v2\/pages\/124","targetHints":{"allow":["GET"]}}],"collection":[{"href":"https:\/\/thorsten-zeitnitz.de\/index.php?rest_route=\/wp\/v2\/pages"}],"about":[{"href":"https:\/\/thorsten-zeitnitz.de\/index.php?rest_route=\/wp\/v2\/types\/page"}],"author":[{"embeddable":true,"href":"https:\/\/thorsten-zeitnitz.de\/index.php?rest_route=\/wp\/v2\/users\/1"}],"replies":[{"embeddable":true,"href":"https:\/\/thorsten-zeitnitz.de\/index.php?rest_route=%2Fwp%2Fv2%2Fcomments&post=124"}],"version-history":[{"count":9,"href":"https:\/\/thorsten-zeitnitz.de\/index.php?rest_route=\/wp\/v2\/pages\/124\/revisions"}],"predecessor-version":[{"id":132,"href":"https:\/\/thorsten-zeitnitz.de\/index.php?rest_route=\/wp\/v2\/pages\/124\/revisions\/132"}],"wp:attachment":[{"href":"https:\/\/thorsten-zeitnitz.de\/index.php?rest_route=%2Fwp%2Fv2%2Fmedia&parent=124"}],"curies":[{"name":"wp","href":"https:\/\/api.w.org\/{rel}","templated":true}]}}